{"id":1042,"date":"2015-05-04T17:12:51","date_gmt":"2015-05-04T15:12:51","guid":{"rendered":"http:\/\/10.0.0.22\/dev\/hypo-kulturstiftung.de\/denkmalpreis\/preistraeger\/"},"modified":"2024-07-26T04:58:59","modified_gmt":"2024-07-26T02:58:59","slug":"denkmal-preistraeger","status":"publish","type":"page","link":"https:\/\/www.hypo-kulturstiftung.de\/denkmalpreistraeger\/","title":{"rendered":"Denkmal-Preistr\u00e4ger"},"content":{"rendered":"<p><strong>Schloss Zeilitzheim<\/strong><br \/>\nMarktplatz 14<br \/>\n97509 Kolitzheim<br \/>\nLandkreis Schweinfurt<br \/>\nRegierunsgbezirk Unterfranken<\/p>\n<p>Preis 2015: Alexander von Halem<\/p>\n<p><a href=\"http:\/\/www.denkmalpreis.de\/presse\/2015\/dmp2015-begrund_Zeilitzheim.pdf\">Preisbegr\u00fcndung Zeilitzheim<\/a><\/p>\n<p>&nbsp;<\/p>\n<figure id=\"attachment_1092\" aria-describedby=\"caption-attachment-1092\" style=\"width: 300px\" class=\"wp-caption alignnone\"><a href=\"https:\/\/archiv.denkmalpreis.de\/media\/2015\/05\/DMP085-klein.jpg\"><img loading=\"lazy\" decoding=\"async\" class=\"size-medium wp-image-1092\" src=\"https:\/\/archiv.denkmalpreis.de\/media\/2015\/05\/DMP085-klein-300x200.jpg\" alt=\"Preisverleihung am 21.5.2015 in M\u00fcnchen: v.l.n.r. Werner Schiedermair, Hanna von Ditfurth stellvertretend f\u00fcr Alexander von Halem, Staatsminister Ludwig Spaenle, Wolfgang Spri\u00dfler \" width=\"300\" height=\"200\" srcset=\"https:\/\/www.hypo-kulturstiftung.de\/denkmalpreistraeger\/media\/2015\/05\/DMP085-klein-300x200.jpg 300w, https:\/\/www.hypo-kulturstiftung.de\/denkmalpreistraeger\/media\/2015\/05\/DMP085-klein-150x100.jpg 150w, https:\/\/www.hypo-kulturstiftung.de\/denkmalpreistraeger\/media\/2015\/05\/DMP085-klein.jpg 1024w, https:\/\/www.hypo-kulturstiftung.de\/denkmalpreistraeger\/media\/2015\/05\/DMP085-klein-1200x800.jpg 1200w\" sizes=\"(max-width: 300px) 100vw, 300px\" \/><\/a><figcaption id=\"caption-attachment-1092\" class=\"wp-caption-text\">Preisverleihung am 21.5.2015 in M\u00fcnchen: v.l.n.r. Werner Schiedermair, Hanna von Ditfurth stellvertretend f\u00fcr Alexander von Halem, Staatsminister Ludwig Spaenle, Wolfgang Spri\u00dfler<\/figcaption><\/figure>\n","protected":false},"excerpt":{"rendered":"<p>Schloss Zeilitzheim Marktplatz 14 97509 Kolitzheim Landkreis Schweinfurt Regierunsgbezirk Unterfranken Preis 2015: Alexander von Halem Preisbegr\u00fcndung Zeilitzheim &nbsp;<\/p>\n","protected":false},"author":1,"featured_media":0,"parent":0,"menu_order":1,"comment_status":"open","ping_status":"closed","template":"taxonomy-award_category.php","meta":{"_acf_changed":false,"footnotes":""},"class_list":["post-1042","page","type-page","status-publish","hentry"],"acf":[],"_links":{"self":[{"href":"https:\/\/www.hypo-kulturstiftung.de\/denkmalpreistraeger\/wp-json\/wp\/v2\/pages\/1042"}],"collection":[{"href":"https:\/\/www.hypo-kulturstiftung.de\/denkmalpreistraeger\/wp-json\/wp\/v2\/pages"}],"about":[{"href":"https:\/\/www.hypo-kulturstiftung.de\/denkmalpreistraeger\/wp-json\/wp\/v2\/types\/page"}],"author":[{"embeddable":true,"href":"https:\/\/www.hypo-kulturstiftung.de\/denkmalpreistraeger\/wp-json\/wp\/v2\/users\/1"}],"replies":[{"embeddable":true,"href":"https:\/\/www.hypo-kulturstiftung.de\/denkmalpreistraeger\/wp-json\/wp\/v2\/comments?post=1042"}],"version-history":[{"count":5,"href":"https:\/\/www.hypo-kulturstiftung.de\/denkmalpreistraeger\/wp-json\/wp\/v2\/pages\/1042\/revisions"}],"predecessor-version":[{"id":2835,"href":"https:\/\/www.hypo-kulturstiftung.de\/denkmalpreistraeger\/wp-json\/wp\/v2\/pages\/1042\/revisions\/2835"}],"wp:attachment":[{"href":"https:\/\/www.hypo-kulturstiftung.de\/denkmalpreistraeger\/wp-json\/wp\/v2\/media?parent=1042"}],"curies":[{"name":"wp","href":"https:\/\/api.w.org\/{rel}","templated":true}]}}